{"id":17,"date":"2013-02-18T15:52:32","date_gmt":"2013-02-18T15:52:32","guid":{"rendered":"http:\/\/www.dead-rabbits.com\/?page_id=17"},"modified":"2018-03-14T14:06:19","modified_gmt":"2018-03-14T13:06:19","slug":"sponsoring","status":"publish","type":"page","link":"https:\/\/dead-rabbits.de\/?page_id=17","title":{"rendered":"Sponsoring"},"content":{"rendered":"<p><!--:de--><\/p>\n<h2 style=\"text-align: justify;\">Wir suchen neue Sponsoren:<\/h2>\n<p style=\"text-align: justify;\">Da wir seit der Saison 2012 mit unseren Rennern in der Europameisterschaft am Start stehen und weiterhin in die Gruppe der Besten\u00a0fahren m\u00f6chten, ist das mit sehr viel Zeit und hohen Ausgaben verbunden. Wir haben in der Saison 2012 harte Arbeit geleistet und sind 2. und 3. in der Europameisterschaft der SE-Klasse geworden. Dieses wollen wir ab der Saison 2013 \u00fcbertreffen!<b> <\/b><span style=\"color: #ffffff;\"><b>Daher w\u00fcrden wir uns sehr \u00fcber Sie als Sponsor freuen.<\/b><\/span><\/p>\n<p style=\"text-align: justify;\">Jeder Sponsor ist berechtigt, seine Sponsorschaft zu Werbezwecken \u00f6ffentlich bekannt zu machen. Au\u00dferdem erscheint jeder Sponsor auf unserer Website inkl. Verlinkung. Wir haben unsere Werbefl\u00e4chen nach Sichtbarkeit, Gr\u00f6\u00dfe und der Verf\u00fcgbarkeit sortiert und in Kategorien eingestuft. Dadurch das gewisse Stellen besser sichtbar sind, ergibt sich eine Wertigkeit der jeweiligen Kategorie.<\/p>\n<h3>Eckdaten zur Rennserie:<\/h3>\n<p>Mediadaten European Drag Racing Series:<\/p>\n<p><em>Die European Drag Racing Series ist\u00a0eine neue europ\u00e4ische\u00a0Rennserie. \u00dcber 100.000\u00a0Zuschauer verfolgen\u00a0live die Rennserie.<\/em> <em>TV-\u00dcbertragungen wurden durch Reportagen geleistet<\/em>:<\/p>\n<ul>\n<li>alle Rennen\u00a0im\u00a0TV<\/li>\n<li>insgesamt ca. 3 Stunden Sendezeit<\/li>\n<\/ul>\n<p><em>60-min\u00fctiges Magazin \u00fcber das vergangene Rennwochenende<\/em>:<\/p>\n<ul>\n<li>insgesamt 2 Stunden Sendezeit<\/li>\n<\/ul>\n<p>TV \u00dcbertragungen in derzeit 3 L\u00e4ndern, viel \u00fcber Lokalsender<\/p>\n<ul>\n<li>ca. 50\u00a0permanent akkreditierte Journalisten<\/li>\n<\/ul>\n<p>Zielgruppen: M\u00e4nner (72%), Frauen (28%): Schwerpunkt 10-59<\/p>\n<ul>\n<li>10-19: 16%<\/li>\n<li>20-29: 24%<\/li>\n<li>30-39: 26%<\/li>\n<li>40-49: 21%<\/li>\n<li>50-59: 8%<\/li>\n<li>60+: 5%<\/li>\n<\/ul>\n<p><em>beim Rennen Schwerpunkt:<\/em> 12 \u2013 45 Jahren (typisches Vater-Sohn-Event)<\/p>\n<ul>\n<li><em>Netto-EK:<\/em> 1.800 Euro monatlich<\/li>\n<li><em>Ausgaben Sportveranstaltungen:<\/em> ca. 85 Euro mtl.<\/li>\n<li><em>TV-Zielgruppe:<\/em> etwas \u00e4lter 18-45, etwas geringeres HH-Netto-EK, im Durchschnitt 1.600 Euro<\/li>\n<\/ul>\n<h3 style=\"text-align: justify;\"><b>Hier eine Auflistung unserer &#8222;Sponsorpakete&#8220;:<\/b><\/h3>\n<table border=\"0\" cellspacing=\"3\" cellpadding=\"5\">\n<tbody>\n<tr>\n<td align=\"left\" valign=\"top\" bgcolor=\"#990000\" width=\"110\"><b>Kat.A 50-99 Euro <\/b><\/td>\n<td align=\"left\" valign=\"top\" bgcolor=\"#efefef\">Firmenlogo auf unserer Website kleine Werbefl\u00e4che am\u00a0H\u00e4nger\u00a0oder auf Rennauto<\/td>\n<\/tr>\n<tr>\n<td align=\"left\" valign=\"top\" bgcolor=\"#990000\" width=\"110\"><b>Kat.B 100-299 Euro <\/b><\/td>\n<td align=\"left\" valign=\"top\" bgcolor=\"#efefef\">Firmenlogo auf unserer Website kleine Werbefl\u00e4che am\u00a0H\u00e4nger\u00a0oder auf Rennauto<\/td>\n<\/tr>\n<tr>\n<td align=\"left\" valign=\"top\" bgcolor=\"#990000\" width=\"110\"><b>Kat.C 300-599 Euro<\/b><\/td>\n<td align=\"left\" valign=\"top\" bgcolor=\"#efefef\">Firmenlogo auf unserer Website kleine Werbefl\u00e4che am\u00a0H\u00e4nger\u00a0oder auf Rennauto<\/td>\n<\/tr>\n<tr>\n<td align=\"left\" valign=\"top\" bgcolor=\"#990000\" width=\"110\"><b>Kat.D 600-799 Euro<\/b><\/td>\n<td align=\"left\" valign=\"top\" bgcolor=\"#efefef\">Firmenlogo auf unserer Website mittlere Werbefl\u00e4che auf H\u00e4nger und Rennauto<\/td>\n<\/tr>\n<tr>\n<td align=\"left\" valign=\"top\" bgcolor=\"#990000\" width=\"110\"><b>Kat.E 800-999 Euro<\/b><\/td>\n<td align=\"left\" valign=\"top\" bgcolor=\"#efefef\">Firmenlogo auf unserer Website gro\u00dfe Werbefl\u00e4che\u00a0auf H\u00e4nger und Rennauto sowie Firmenschild im Fahrerlager<\/td>\n<\/tr>\n<tr>\n<td align=\"left\" valign=\"top\" bgcolor=\"#990000\" width=\"110\"><b>Kat. G ab 1000 Euro <\/b><\/td>\n<td align=\"left\" valign=\"top\" bgcolor=\"#efefef\">Sonderleistung Besprechung mit dem Teammanagement<\/td>\n<\/tr>\n<\/tbody>\n<\/table>\n<h3 style=\"text-align: justify;\">\u00a0Wollen Sie uns mit einem dieser Sponsorpakete unterst\u00fctzen, dann verwenden Sie einfach unser Formular:<\/h3>\n<p><strong>[plugin_kontakt]<\/strong><\/p>\n<p><!--:--><!--:en--><\/p>\n<h3><\/h3>\n<p><!--:--><\/p>\n","protected":false},"excerpt":{"rendered":"<p>Wir suchen neue Sponsoren: Da wir seit der Saison 2012 mit unseren Rennern in der Europameisterschaft am Start stehen und weiterhin in die Gruppe der Besten\u00a0fahren m\u00f6chten, ist das mit &hellip; <\/p>\n","protected":false},"author":1,"featured_media":0,"parent":0,"menu_order":0,"comment_status":"closed","ping_status":"closed","template":"","meta":{"_monsterinsights_skip_tracking":false,"_monsterinsights_sitenote_active":false,"_monsterinsights_sitenote_note":"","_monsterinsights_sitenote_category":0,"footnotes":""},"class_list":["post-17","page","type-page","status-publish","hentry"],"jetpack_shortlink":"https:\/\/wp.me\/P3cuKp-h","jetpack_likes_enabled":true,"jetpack_sharing_enabled":true,"_links":{"self":[{"href":"https:\/\/dead-rabbits.de\/index.php?rest_route=\/wp\/v2\/pages\/17","targetHints":{"allow":["GET"]}}],"collection":[{"href":"https:\/\/dead-rabbits.de\/index.php?rest_route=\/wp\/v2\/pages"}],"about":[{"href":"https:\/\/dead-rabbits.de\/index.php?rest_route=\/wp\/v2\/types\/page"}],"author":[{"embeddable":true,"href":"https:\/\/dead-rabbits.de\/index.php?rest_route=\/wp\/v2\/users\/1"}],"replies":[{"embeddable":true,"href":"https:\/\/dead-rabbits.de\/index.php?rest_route=%2Fwp%2Fv2%2Fcomments&post=17"}],"version-history":[{"count":12,"href":"https:\/\/dead-rabbits.de\/index.php?rest_route=\/wp\/v2\/pages\/17\/revisions"}],"predecessor-version":[{"id":1171,"href":"https:\/\/dead-rabbits.de\/index.php?rest_route=\/wp\/v2\/pages\/17\/revisions\/1171"}],"wp:attachment":[{"href":"https:\/\/dead-rabbits.de\/index.php?rest_route=%2Fwp%2Fv2%2Fmedia&parent=17"}],"curies":[{"name":"wp","href":"https:\/\/api.w.org\/{rel}","templated":true}]}}