{"id":13,"date":"2013-02-18T15:50:12","date_gmt":"2013-02-18T15:50:12","guid":{"rendered":"http:\/\/www.dead-rabbits.com\/?page_id=13"},"modified":"2018-03-18T13:31:12","modified_gmt":"2018-03-18T12:31:12","slug":"renner","status":"publish","type":"page","link":"https:\/\/dead-rabbits.de\/?page_id=13","title":{"rendered":"Rennfahrzeuge"},"content":{"rendered":"<table class=\" alignleft\">\n<tbody>\n<tr>\n<td><img loading=\"lazy\" decoding=\"async\" class=\"alignleft wp-image-606 size-medium\" src=\"http:\/\/www.dead-rabbits.com\/wp-content\/uploads\/2013\/07\/1014037_627539853930417_1528352595_n-300x199.jpg\" alt=\"Golf 3 V6 Turbo 4 Motion\" width=\"300\" height=\"199\" srcset=\"https:\/\/dead-rabbits.de\/wp-content\/uploads\/2013\/07\/1014037_627539853930417_1528352595_n-300x199.jpg 300w, https:\/\/dead-rabbits.de\/wp-content\/uploads\/2013\/07\/1014037_627539853930417_1528352595_n.jpg 800w\" sizes=\"auto, (max-width: 300px) 100vw, 300px\" \/><\/td>\n<td style=\"vertical-align: middle;\"><span style=\"color: #ff0000;\">Fahrzeug:<\/span> Golf 3 R30T 4motion<br \/>\n<span style=\"color: #ff0000;\">Leistung:<\/span> ca. 766 PS<br \/>\n<span style=\"color: #ff0000;\">Bestzeit:<\/span> 10,098 sec @ \u00bc mile<\/p>\n<p><span style=\"color: #ff0000;\">Chassis:<\/span><\/p>\n<ul>\n<li>Ex. VW Golf 3 Syncro, nun mit\u00a0R30T 4motion<\/li>\n<\/ul>\n<p><span style=\"color: #ff0000;\">Motor:<\/span><\/p>\n<ul>\n<li>VW R32 Motor<\/li>\n<li>Blockversteifungsplatte<\/li>\n<li>VR6 Schmiedekurbelwelle, mit ARP Hochleistungsstehbolzen<\/li>\n<li>Hubraumreduzierung auf 3 Liter<\/li>\n<li>ARIAS H-Schaftpleuel, verst\u00e4rkte Version mit ARP Hochleistungsschrauben<\/li>\n<li>3-Stoff Pleuel- und Kurbelwellenlager<\/li>\n<li>Mahle Schmiedekolben<\/li>\n<li>Verdichtung 8,5:1<\/li>\n<li>VW R32 Zylinderkopf mit gro\u00dfen Ventilen<\/li>\n<li>ARP Hochleistungsstehbolzen<\/li>\n<li>Nockenwellenr\u00e4dern, Sonderanfertigung<\/li>\n<li>Sonderanfertigung Ansaugbr\u00fccke<\/li>\n<li>Sonderanfertigung Sto\u00dfaufladungskr\u00fcmmer<\/li>\n<li>BorgWarner K29 Turbolader<\/li>\n<li>2xTiAL 40mm Wastegate<\/li>\n<li>1xTiAL 50mm BlowOff<\/li>\n<\/ul>\n<p><span style=\"color: #ff0000;\">Elektronik:<\/span><\/p>\n<ul>\n<li>FuelTech FT500<\/li>\n<li>Voll Sequentiell<\/li>\n<li>6xBosch 1300cc Einspritzd\u00fcsen<\/li>\n<li>\u00dcberwachung mit:\n<ul>\n<li>EGT-Sensoren<\/li>\n<li>Benzindrucksensor<\/li>\n<li>\u00d6ldrucksensor<\/li>\n<li>Umgebungsdrucksensor<\/li>\n<li>Ladedrucksensor<\/li>\n<\/ul>\n<\/li>\n<\/ul>\n<p><span style=\"color: #ff0000;\">Antrieb:<\/span><\/p>\n<ul>\n<li>Eigenbau Achse zur Aufnahme der VW Golf MKIV Haldex<\/li>\n<\/ul>\n<p><span style=\"color: #ff0000;\">Besonderheiten:<\/span><\/p>\n<ul>\n<li>GFK T\u00fcren<\/li>\n<li>GFK Heckklappe<\/li>\n<li>GFK Kotfl\u00fcgel<\/li>\n<li>Carbon Motorhaube (Sichtcarbon)<\/li>\n<li>Lexan Scheiben<\/li>\n<li>\u00dcberrollk\u00e4fig mit SFI 10.0 Abnahme<\/li>\n<li>SFI Fensternetz<\/li>\n<li>SFI 4 Punktgurt<\/li>\n<li>K\u00f6nig Schalensitz mit Wichers Sitzkonsole (neigbar)<\/li>\n<li>4xMH Dragslicks auf wei\u00df gepulverten 15 Zoll VW Felgen<\/li>\n<\/ul>\n<\/td>\n<\/tr>\n<tr>\n<td><img loading=\"lazy\" decoding=\"async\" class=\"alignleft wp-image-135 size-medium\" src=\"http:\/\/www.dead-rabbits.com\/wp-content\/uploads\/2013\/02\/2010whv001-300x199.jpg\" alt=\"Jade-Airportrace\" width=\"300\" height=\"199\" srcset=\"https:\/\/dead-rabbits.de\/wp-content\/uploads\/2013\/02\/2010whv001-300x199.jpg 300w, https:\/\/dead-rabbits.de\/wp-content\/uploads\/2013\/02\/2010whv001.jpg 1000w\" sizes=\"auto, (max-width: 300px) 100vw, 300px\" \/><\/td>\n<td style=\"vertical-align: middle;\"><span style=\"color: #ff0000;\">Fahrzeug:<\/span> Golf 1 GSI 16VT<br \/>\n<span style=\"color: #ff0000;\">Leistung:<\/span> ca. 300 PS<br \/>\n<span style=\"color: #ff0000;\">Bestzeit:<\/span> 12,590 sec @ \u00bc mile<\/td>\n<\/tr>\n<tr>\n<td><\/td>\n<td style=\"vertical-align: middle;\"><span style=\"color: #ff0000;\">Fahrzeug:<\/span> Audi S3<br \/>\n<span style=\"color: #ff0000;\">Leistung:<\/span> ca. 500 PS<br \/>\n<span style=\"color: #ff0000;\">Bestzeit:<\/span> x,x sec @ \u00bc mile<\/td>\n<\/tr>\n<tr>\n<td><img loading=\"lazy\" decoding=\"async\" class=\"aligncenter size-full wp-image-1187\" src=\"http:\/\/dead-rabbits.de\/wp-content\/uploads\/2018\/03\/Golf2SSR16VT.png\" alt=\"\" width=\"300\" height=\"199\" \/><\/td>\n<td style=\"vertical-align: middle;\"><span style=\"color: #ff0000;\">Fahrzeug:<\/span> Golf 2 SSR 16VT<br \/>\n<span style=\"color: #ff0000;\">Leistung:<\/span> ca. 700 PS<br \/>\n<span style=\"color: #ff0000;\">Bestzeit:<\/span>\u00a014,610 sec @ \u00bc mile<\/p>\n<p><span style=\"color: #ff0000;\">Chassis:<\/span><\/p>\n<ul>\n<li>Golf2, BJ. 1989<\/li>\n<\/ul>\n<p><span style=\"color: #ff0000;\">Motor:<\/span><\/p>\n<ul>\n<li>2,0 Liter VW (MKB ABF)<\/li>\n<li>Mahle-Schmiedekolben<\/li>\n<li>Zero Racing H-Schaft Pleuel<\/li>\n<li>Blockversteifungsplatte<\/li>\n<li>Kurbelwelle feingewuchtet)<\/li>\n<li>VW 16V (MKB KR) Zylinderkopf<\/li>\n<li>bearbeitet von NG-Motorsports<\/li>\n<li>Supertech Inconel Ventile<\/li>\n<li>Schrick-Ventilfedern<\/li>\n<li>Hydro\u00dfst\u00f6\u00dfel und Nockenwellen sind Serie.<\/li>\n<li>Arlows Sto\u00dfaufladungskr\u00fcmmer<\/li>\n<li>Garrett GT3582R Turbolader.<\/li>\n<li>100Zellen Metallkatalysator<\/li>\n<li>Abgasanlage Friedrich Motorsport (Durchmesser durchgehend 3\u201c)<\/li>\n<li>Wastegate und Blowoff-Ventil von Tial (USA)<\/li>\n<li>Aeromotive Kraftstoffdruckregler einstellbar<\/li>\n<li>Racimex \u00d6lk\u00fchler<\/li>\n<li>Wiltec Ladeluftk\u00fchler<\/li>\n<\/ul>\n<p><span style=\"color: #ff0000;\">Elektronik:<\/span><\/p>\n<ul>\n<li>Ecumaster EMU<\/li>\n<li>Aeromotive A1000 Rennsportpumpe<\/li>\n<li>4x1200ccm Einspritzd\u00fcsen<\/li>\n<li>\u00dcberwachung mit:\n<ul>\n<li>EGT-Sensoren<\/li>\n<li>Benzindrucksensor<\/li>\n<li>\u00d6ldrucksensor<\/li>\n<li>Umgebungsdrucksensor<\/li>\n<li>Ladedrucksensor<\/li>\n<\/ul>\n<\/li>\n<li>VDO Zusatzinstrumente\n<ul>\n<li>Bordspannung<\/li>\n<li>Ladedruck<\/li>\n<li>\u00d6ldruck)<\/li>\n<li>Kombiinstrument bis 300 KM\/H und 9000 U\/min mit MFA<\/li>\n<\/ul>\n<\/li>\n<\/ul>\n<p><span style=\"color: #ff0000;\">Antrieb:<\/span><\/p>\n<ul>\n<li>Getriebe VW G60 5Gang mit verst\u00e4rkten Hauptwellen und langem 5ten Gang<\/li>\n<\/ul>\n<p><span style=\"color: #ff0000;\">Besonderheiten:<\/span><\/p>\n<ul>\n<li>Vorder- und Hinterachse vom VW Corrado<\/li>\n<li>Koni Gewindefahrwerk, H\u00e4rteverstellbar.<\/li>\n<li>Bremsscheiben vorne und hinten Sandtler gelocht\/geschlitzt<\/li>\n<li>Bremsbel\u00e4ge vorne und hinten Ferodo DS Performance.<\/li>\n<li>Au\u00dfenspiegel im M5-Look (stabiler als Serie).<\/li>\n<li>R\u00fcckleuchten, Hauptscheinwerfer und Blinker schwarz get\u00f6nt<\/li>\n<li>Bonrath Einarmwischer<\/li>\n<li>Lackierung in schwarz matt mit mattem Klarlack<\/li>\n<li>\u201eGhost Tribal\u201c auf den Seiten<\/li>\n<li>Wiechers Halbschalensitze<\/li>\n<li>Schroth H-Gurten<\/li>\n<li>34er Raid Hp Sportlenkrad<\/li>\n<li>Teppich im Innenraum original<\/li>\n<li>Ladefl\u00e4che eigenbau (MDF Holz mit Teppich bezogen)<\/li>\n<li>Sicherheitszelle aus Chrom Molybd\u00e4n Stahl<\/li>\n<li>OMP L\u00f6schsystem mit 6 D\u00fcsen<\/li>\n<\/ul>\n<\/td>\n<\/tr>\n<tr>\n<td><\/td>\n<td style=\"vertical-align: middle;\"><span style=\"color: #ff0000;\">Fahrzeug:<\/span> Escortlady<br \/>\n<span style=\"color: #ff0000;\">Leistung:<\/span> ca. 900 PS<br \/>\n<span style=\"color: #ff0000;\">Bestzeit:<\/span> x,x sec @ \u00bc mile<\/td>\n<\/tr>\n<\/tbody>\n<\/table>\n<p><!--:--><!--:en--><\/p>\n<p><!--:--><\/p>\n","protected":false},"excerpt":{"rendered":"<p>Fahrzeug: Golf 3 R30T 4motion Leistung: ca. 766 PS Bestzeit: 10,098 sec @ \u00bc mile Chassis: Ex. VW Golf 3 Syncro, nun mit\u00a0R30T 4motion Motor: VW R32 Motor Blockversteifungsplatte VR6 &hellip; <\/p>\n","protected":false},"author":1,"featured_media":0,"parent":0,"menu_order":0,"comment_status":"closed","ping_status":"closed","template":"","meta":{"_monsterinsights_skip_tracking":false,"_monsterinsights_sitenote_active":false,"_monsterinsights_sitenote_note":"","_monsterinsights_sitenote_category":0,"footnotes":""},"class_list":["post-13","page","type-page","status-publish","hentry"],"jetpack_shortlink":"https:\/\/wp.me\/P3cuKp-d","jetpack_likes_enabled":true,"jetpack_sharing_enabled":true,"_links":{"self":[{"href":"https:\/\/dead-rabbits.de\/index.php?rest_route=\/wp\/v2\/pages\/13","targetHints":{"allow":["GET"]}}],"collection":[{"href":"https:\/\/dead-rabbits.de\/index.php?rest_route=\/wp\/v2\/pages"}],"about":[{"href":"https:\/\/dead-rabbits.de\/index.php?rest_route=\/wp\/v2\/types\/page"}],"author":[{"embeddable":true,"href":"https:\/\/dead-rabbits.de\/index.php?rest_route=\/wp\/v2\/users\/1"}],"replies":[{"embeddable":true,"href":"https:\/\/dead-rabbits.de\/index.php?rest_route=%2Fwp%2Fv2%2Fcomments&post=13"}],"version-history":[{"count":74,"href":"https:\/\/dead-rabbits.de\/index.php?rest_route=\/wp\/v2\/pages\/13\/revisions"}],"predecessor-version":[{"id":1195,"href":"https:\/\/dead-rabbits.de\/index.php?rest_route=\/wp\/v2\/pages\/13\/revisions\/1195"}],"wp:attachment":[{"href":"https:\/\/dead-rabbits.de\/index.php?rest_route=%2Fwp%2Fv2%2Fmedia&parent=13"}],"curies":[{"name":"wp","href":"https:\/\/api.w.org\/{rel}","templated":true}]}}